{"id":25,"date":"2024-05-08T12:58:55","date_gmt":"2024-05-08T12:58:55","guid":{"rendered":"https:\/\/jost-pflanzen.ch\/?page_id=25"},"modified":"2024-05-24T13:54:51","modified_gmt":"2024-05-24T13:54:51","slug":"disposition-und-spedition","status":"publish","type":"page","link":"https:\/\/jost-pflanzen.ch\/?page_id=25","title":{"rendered":"Disposition und Spedition"},"content":{"rendered":"\t\t<div data-elementor-type=\"wp-page\" data-elementor-id=\"25\" class=\"elementor elementor-25\" data-elementor-post-type=\"page\">\n\t\t\t\t\t\t<section class=\"elementor-section elementor-top-section elementor-element elementor-element-681130f elementor-section-full_width elementor-section-height-min-height elementor-section-items-stretch elementor-section-content-bottom elementor-section-height-default\" data-id=\"681130f\" data-element_type=\"section\" data-e-type=\"section\">\n\t\t\t\t\t\t<div class=\"elementor-container elementor-column-gap-no\">\n\t\t\t\t\t<div class=\"elementor-column elementor-col-50 elementor-top-column elementor-element elementor-element-679acca4\" data-id=\"679acca4\" data-element_type=\"column\" data-e-type=\"column\" data-settings=\"{&quot;background_background&quot;:&quot;classic&quot;}\">\n\t\t\t<div class=\"elementor-widget-wrap elementor-element-populated\">\n\t\t\t\t\t\t<div class=\"elementor-element elementor-element-12b43d6b elementor-widget elementor-widget-heading\" data-id=\"12b43d6b\" data-element_type=\"widget\" data-e-type=\"widget\" data-widget_type=\"heading.default\">\n\t\t\t\t<div class=\"elementor-widget-container\">\n\t\t\t\t\t<h1 class=\"elementor-heading-title elementor-size-default\">Disposition \/ Spedition<\/h1>\t\t\t\t<\/div>\n\t\t\t\t<\/div>\n\t\t\t\t\t<\/div>\n\t\t<\/div>\n\t\t\t\t<div class=\"elementor-column elementor-col-50 elementor-top-column elementor-element elementor-element-4fe21d47\" data-id=\"4fe21d47\" data-element_type=\"column\" data-e-type=\"column\">\n\t\t\t<div class=\"elementor-widget-wrap elementor-element-populated\">\n\t\t\t\t\t\t<div class=\"elementor-element elementor-element-2e2e3ccb elementor-widget__width-initial elementor-hidden-mobile elementor-widget elementor-widget-image\" data-id=\"2e2e3ccb\" data-element_type=\"widget\" data-e-type=\"widget\" data-widget_type=\"image.default\">\n\t\t\t\t<div class=\"elementor-widget-container\">\n\t\t\t\t\t\t\t\t\t\t\t\t\t\t\t\t<a href=\"https:\/\/jost-pflanzen.ch\/wp-content\/uploads\/2024\/05\/8_nR5Erv.jpg\" data-elementor-open-lightbox=\"yes\" data-e-action-hash=\"#elementor-action%3Aaction%3Dlightbox%26settings%3DeyJpZCI6OTUyLCJ1cmwiOmZhbHNlfQ%3D%3D\">\n\t\t\t\t\t\t\t<img decoding=\"async\" src=\"https:\/\/jost-pflanzen.ch\/wp-content\/uploads\/2024\/05\/8_nR5Erv.jpg\" title=\"\" alt=\"\" loading=\"lazy\" \/>\t\t\t\t\t\t\t\t<\/a>\n\t\t\t\t\t\t\t\t\t\t\t\t\t\t\t<\/div>\n\t\t\t\t<\/div>\n\t\t\t\t<div class=\"elementor-element elementor-element-c97ee40 elementor-widget__width-initial animated-slow elementor-invisible elementor-widget elementor-widget-image\" data-id=\"c97ee40\" data-element_type=\"widget\" data-e-type=\"widget\" data-settings=\"{&quot;_animation&quot;:&quot;fadeInRight&quot;}\" data-widget_type=\"image.default\">\n\t\t\t\t<div class=\"elementor-widget-container\">\n\t\t\t\t\t\t\t\t\t\t\t\t\t\t\t\t<a href=\"https:\/\/jost-pflanzen.ch\/wp-content\/uploads\/2024\/05\/7_c13Mus.jpg\" data-elementor-open-lightbox=\"yes\" data-elementor-lightbox-title=\"7_c13Mus\" data-e-action-hash=\"#elementor-action%3Aaction%3Dlightbox%26settings%3DeyJpZCI6MTEzNSwidXJsIjoiaHR0cHM6XC9cL2pvc3QtcGZsYW56ZW4uY2hcL3dwLWNvbnRlbnRcL3VwbG9hZHNcLzIwMjRcLzA1XC83X2MxM011cy5qcGcifQ%3D%3D\">\n\t\t\t\t\t\t\t<img fetchpriority=\"high\" decoding=\"async\" width=\"356\" height=\"356\" src=\"https:\/\/jost-pflanzen.ch\/wp-content\/uploads\/2024\/05\/7_c13Mus.jpg\" class=\"attachment-1536x1536 size-1536x1536 wp-image-1135\" alt=\"\" srcset=\"https:\/\/jost-pflanzen.ch\/wp-content\/uploads\/2024\/05\/7_c13Mus.jpg 356w, https:\/\/jost-pflanzen.ch\/wp-content\/uploads\/2024\/05\/7_c13Mus-300x300.jpg 300w, https:\/\/jost-pflanzen.ch\/wp-content\/uploads\/2024\/05\/7_c13Mus-150x150.jpg 150w, https:\/\/jost-pflanzen.ch\/wp-content\/uploads\/2024\/05\/7_c13Mus-100x100.jpg 100w\" sizes=\"100vw\" \/>\t\t\t\t\t\t\t\t<\/a>\n\t\t\t\t\t\t\t\t\t\t\t\t\t\t\t<\/div>\n\t\t\t\t<\/div>\n\t\t\t\t\t<\/div>\n\t\t<\/div>\n\t\t\t\t\t<\/div>\n\t\t<\/section>\n\t\t\t\t<section class=\"elementor-section elementor-top-section elementor-element elementor-element-65f8f555 elementor-section-full_width elementor-section-height-default elementor-section-height-default\" data-id=\"65f8f555\" data-element_type=\"section\" data-e-type=\"section\">\n\t\t\t\t\t\t<div class=\"elementor-container elementor-column-gap-no\">\n\t\t\t\t\t<div class=\"elementor-column elementor-col-25 elementor-top-column elementor-element elementor-element-4c570df9\" data-id=\"4c570df9\" data-element_type=\"column\" data-e-type=\"column\">\n\t\t\t<div class=\"elementor-widget-wrap elementor-element-populated\">\n\t\t\t\t\t\t<div class=\"elementor-element elementor-element-26e6cb32 elementor-widget-mobile__width-initial animated-slow elementor-invisible elementor-widget elementor-widget-spacer\" data-id=\"26e6cb32\" data-element_type=\"widget\" data-e-type=\"widget\" data-settings=\"{&quot;_animation&quot;:&quot;fadeInLeft&quot;}\" data-widget_type=\"spacer.default\">\n\t\t\t\t<div class=\"elementor-widget-container\">\n\t\t\t\t\t\t\t<div class=\"elementor-spacer\">\n\t\t\t<div class=\"elementor-spacer-inner\"><\/div>\n\t\t<\/div>\n\t\t\t\t\t\t<\/div>\n\t\t\t\t<\/div>\n\t\t\t\t\t<\/div>\n\t\t<\/div>\n\t\t\t\t<div class=\"elementor-column elementor-col-25 elementor-top-column elementor-element elementor-element-7819256c\" data-id=\"7819256c\" data-element_type=\"column\" data-e-type=\"column\">\n\t\t\t<div class=\"elementor-widget-wrap elementor-element-populated\">\n\t\t\t\t\t\t<div class=\"elementor-element elementor-element-16fa2f64 elementor-widget elementor-widget-heading\" data-id=\"16fa2f64\" data-element_type=\"widget\" data-e-type=\"widget\" data-widget_type=\"heading.default\">\n\t\t\t\t<div class=\"elementor-widget-container\">\n\t\t\t\t\t<h2 class=\"elementor-heading-title elementor-size-default\">\u00dcberzeugen Sie sich....<\/h2>\t\t\t\t<\/div>\n\t\t\t\t<\/div>\n\t\t\t\t<div class=\"elementor-element elementor-element-5f75d331 elementor-widget elementor-widget-text-editor\" data-id=\"5f75d331\" data-element_type=\"widget\" data-e-type=\"widget\" data-widget_type=\"text-editor.default\">\n\t\t\t\t<div class=\"elementor-widget-container\">\n\t\t\t\t\t\t\t\t\t<p><span class=\"TextRun Highlight SCXW203715787 BCX4\" lang=\"DE-CH\" xml:lang=\"DE-CH\" data-contrast=\"none\"><span class=\"NormalTextRun SCXW203715787 BCX4\">Damit unsere Produkte m\u00f6glichst \u00f6kologisch und effizient an die verschiedenen Verteilzentren geliefert werden k\u00f6nnen, ist eine genaue Berechnung der Tagesmenge unabdingbar.<\/span><\/span><span class=\"LineBreakBlob BlobObject DragDrop SCXW203715787 BCX4\"><span class=\"SCXW203715787 BCX4\">\u00a0<\/span><br class=\"SCXW203715787 BCX4\" \/><\/span><span class=\"TextRun Highlight SCXW203715787 BCX4\" lang=\"DE-CH\" xml:lang=\"DE-CH\" data-contrast=\"none\"><span class=\"NormalTextRun SCXW203715787 BCX4\">Dabei werden bei der Planung der Liefer-Touren die zur Verf\u00fcgung stehenden Fahrzeuge und Chauffeure optimal eingeteilt. Danach werden die Transportauftr\u00e4ge an die einzelnen Betriebe weitergeleitet. Von dort aus erfolgen die Lieferungen je direkt und schnellstm\u00f6glich zum Kunden.<\/span><\/span><span class=\"EOP SCXW203715787 BCX4\" data-ccp-props=\"{}\">\u00a0<\/span><\/p>\t\t\t\t\t\t\t\t<\/div>\n\t\t\t\t<\/div>\n\t\t\t\t<div class=\"elementor-element elementor-element-20b5a4f4 elementor-widget-mobile__width-initial elementor-widget elementor-widget-spacer\" data-id=\"20b5a4f4\" data-element_type=\"widget\" data-e-type=\"widget\" data-widget_type=\"spacer.default\">\n\t\t\t\t<div class=\"elementor-widget-container\">\n\t\t\t\t\t\t\t<div class=\"elementor-spacer\">\n\t\t\t<div class=\"elementor-spacer-inner\"><\/div>\n\t\t<\/div>\n\t\t\t\t\t\t<\/div>\n\t\t\t\t<\/div>\n\t\t\t\t\t<\/div>\n\t\t<\/div>\n\t\t\t\t<div class=\"elementor-column elementor-col-25 elementor-top-column elementor-element elementor-element-1f9b1c51\" data-id=\"1f9b1c51\" data-element_type=\"column\" data-e-type=\"column\">\n\t\t\t<div class=\"elementor-widget-wrap elementor-element-populated\">\n\t\t\t\t\t\t<section class=\"elementor-section elementor-inner-section elementor-element elementor-element-301dbb7f elementor-section-boxed elementor-section-height-default elementor-section-height-default\" data-id=\"301dbb7f\" data-element_type=\"section\" data-e-type=\"section\">\n\t\t\t\t\t\t<div class=\"elementor-container elementor-column-gap-extended\">\n\t\t\t\t\t<div class=\"elementor-column elementor-col-100 elementor-inner-column elementor-element elementor-element-b173e01\" data-id=\"b173e01\" data-element_type=\"column\" data-e-type=\"column\">\n\t\t\t<div class=\"elementor-widget-wrap elementor-element-populated\">\n\t\t\t\t\t\t<div class=\"elementor-element elementor-element-ac6c596 elementor-widget elementor-widget-gallery\" data-id=\"ac6c596\" data-element_type=\"widget\" data-e-type=\"widget\" data-settings=\"{&quot;columns_mobile&quot;:2,&quot;lazyload&quot;:&quot;yes&quot;,&quot;gallery_layout&quot;:&quot;grid&quot;,&quot;columns&quot;:4,&quot;columns_tablet&quot;:2,&quot;gap&quot;:{&quot;unit&quot;:&quot;px&quot;,&quot;size&quot;:10,&quot;sizes&quot;:[]},&quot;gap_tablet&quot;:{&quot;unit&quot;:&quot;px&quot;,&quot;size&quot;:10,&quot;sizes&quot;:[]},&quot;gap_mobile&quot;:{&quot;unit&quot;:&quot;px&quot;,&quot;size&quot;:10,&quot;sizes&quot;:[]},&quot;link_to&quot;:&quot;file&quot;,&quot;aspect_ratio&quot;:&quot;3:2&quot;,&quot;overlay_background&quot;:&quot;yes&quot;,&quot;content_hover_animation&quot;:&quot;fade-in&quot;}\" data-widget_type=\"gallery.default\">\n\t\t\t\t<div class=\"elementor-widget-container\">\n\t\t\t\t\t\t\t<div class=\"elementor-gallery__container\">\n\t\t\t\t\t\t\t<a class=\"e-gallery-item elementor-gallery-item elementor-animated-content\" href=\"https:\/\/jost-pflanzen.ch\/wp-content\/uploads\/2024\/05\/IMG_4645-scaled.jpg\" data-elementor-open-lightbox=\"yes\" data-elementor-lightbox-slideshow=\"ac6c596\" data-elementor-lightbox-title=\"Administration Jostpflanzen\" data-e-action-hash=\"#elementor-action%3Aaction%3Dlightbox%26settings%3DeyJpZCI6NDQ1LCJ1cmwiOiJodHRwczpcL1wvam9zdC1wZmxhbnplbi5jaFwvd3AtY29udGVudFwvdXBsb2Fkc1wvMjAyNFwvMDVcL0lNR180NjQ1LXNjYWxlZC5qcGciLCJzbGlkZXNob3ciOiJhYzZjNTk2In0%3D\">\n\t\t\t\t\t<div class=\"e-gallery-image elementor-gallery-item__image\" data-thumbnail=\"https:\/\/jost-pflanzen.ch\/wp-content\/uploads\/2024\/05\/IMG_4645-300x225.jpg\" data-width=\"300\" data-height=\"225\" aria-label=\"Administration Jostpflanzen\" role=\"img\" ><\/div>\n\t\t\t\t\t\t\t\t\t\t\t<div class=\"elementor-gallery-item__overlay\"><\/div>\n\t\t\t\t\t\t\t\t\t\t\t\t\t\t<\/a>\n\t\t\t\t\t\t\t<a class=\"e-gallery-item elementor-gallery-item elementor-animated-content\" href=\"https:\/\/jost-pflanzen.ch\/wp-content\/uploads\/2024\/05\/4_dGTB0o.jpg\" data-elementor-open-lightbox=\"yes\" data-elementor-lightbox-slideshow=\"ac6c596\" data-elementor-lightbox-title=\"4_dGTB0o\" data-e-action-hash=\"#elementor-action%3Aaction%3Dlightbox%26settings%3DeyJpZCI6MTEzOSwidXJsIjoiaHR0cHM6XC9cL2pvc3QtcGZsYW56ZW4uY2hcL3dwLWNvbnRlbnRcL3VwbG9hZHNcLzIwMjRcLzA1XC80X2RHVEIwby5qcGciLCJzbGlkZXNob3ciOiJhYzZjNTk2In0%3D\">\n\t\t\t\t\t<div class=\"e-gallery-image elementor-gallery-item__image\" data-thumbnail=\"https:\/\/jost-pflanzen.ch\/wp-content\/uploads\/2024\/05\/4_dGTB0o-300x300.jpg\" data-width=\"300\" data-height=\"300\" aria-label=\"\" role=\"img\" ><\/div>\n\t\t\t\t\t\t\t\t\t\t\t<div class=\"elementor-gallery-item__overlay\"><\/div>\n\t\t\t\t\t\t\t\t\t\t\t\t\t\t<\/a>\n\t\t\t\t\t\t\t<a class=\"e-gallery-item elementor-gallery-item elementor-animated-content\" href=\"https:\/\/jost-pflanzen.ch\/wp-content\/uploads\/2024\/05\/5_bHItzr.jpg\" data-elementor-open-lightbox=\"yes\" data-elementor-lightbox-slideshow=\"ac6c596\" data-elementor-lightbox-title=\"5_bHItzr\" data-e-action-hash=\"#elementor-action%3Aaction%3Dlightbox%26settings%3DeyJpZCI6OTUwLCJ1cmwiOiJodHRwczpcL1wvam9zdC1wZmxhbnplbi5jaFwvd3AtY29udGVudFwvdXBsb2Fkc1wvMjAyNFwvMDVcLzVfYkhJdHpyLmpwZyIsInNsaWRlc2hvdyI6ImFjNmM1OTYifQ%3D%3D\">\n\t\t\t\t\t<div class=\"e-gallery-image elementor-gallery-item__image\" data-thumbnail=\"https:\/\/jost-pflanzen.ch\/wp-content\/uploads\/2024\/05\/5_bHItzr-300x300.jpg\" data-width=\"300\" data-height=\"300\" aria-label=\"\" role=\"img\" ><\/div>\n\t\t\t\t\t\t\t\t\t\t\t<div class=\"elementor-gallery-item__overlay\"><\/div>\n\t\t\t\t\t\t\t\t\t\t\t\t\t\t<\/a>\n\t\t\t\t\t<\/div>\n\t\t\t\t\t<\/div>\n\t\t\t\t<\/div>\n\t\t\t\t\t<\/div>\n\t\t<\/div>\n\t\t\t\t\t<\/div>\n\t\t<\/section>\n\t\t\t\t\t<\/div>\n\t\t<\/div>\n\t\t\t\t<div class=\"elementor-column elementor-col-25 elementor-top-column elementor-element elementor-element-1406b3be\" data-id=\"1406b3be\" data-element_type=\"column\" data-e-type=\"column\">\n\t\t\t<div class=\"elementor-widget-wrap\">\n\t\t\t\t\t\t\t<\/div>\n\t\t<\/div>\n\t\t\t\t\t<\/div>\n\t\t<\/section>\n\t\t\t\t<\/div>\n\t\t","protected":false},"excerpt":{"rendered":"<p>Disposition \/ Spedition \u00dcberzeugen Sie sich&#8230;. Damit unsere Produkte m\u00f6glichst \u00f6kologisch und effizient an die verschiedenen Verteilzentren geliefert werden k\u00f6nnen, ist eine genaue Berechnung der Tagesmenge unabdingbar.\u00a0Dabei werden bei der Planung der Liefer-Touren die zur Verf\u00fcgung stehenden Fahrzeuge und Chauffeure optimal eingeteilt. Danach werden die Transportauftr\u00e4ge an die einzelnen Betriebe weitergeleitet. Von dort aus erfolgen &hellip; <\/p>\n<p class=\"link-more\"><a href=\"https:\/\/jost-pflanzen.ch\/?page_id=25\" class=\"more-link\"><span class=\"screen-reader-text\">\u201eDisposition und Spedition\u201c <\/span>weiterlesen<\/a><\/p>\n","protected":false},"author":1,"featured_media":0,"parent":0,"menu_order":0,"comment_status":"closed","ping_status":"closed","template":"elementor_header_footer","meta":{"footnotes":""},"class_list":["post-25","page","type-page","status-publish","hentry"],"_links":{"self":[{"href":"https:\/\/jost-pflanzen.ch\/index.php?rest_route=\/wp\/v2\/pages\/25","targetHints":{"allow":["GET"]}}],"collection":[{"href":"https:\/\/jost-pflanzen.ch\/index.php?rest_route=\/wp\/v2\/pages"}],"about":[{"href":"https:\/\/jost-pflanzen.ch\/index.php?rest_route=\/wp\/v2\/types\/page"}],"author":[{"embeddable":true,"href":"https:\/\/jost-pflanzen.ch\/index.php?rest_route=\/wp\/v2\/users\/1"}],"replies":[{"embeddable":true,"href":"https:\/\/jost-pflanzen.ch\/index.php?rest_route=%2Fwp%2Fv2%2Fcomments&post=25"}],"version-history":[{"count":46,"href":"https:\/\/jost-pflanzen.ch\/index.php?rest_route=\/wp\/v2\/pages\/25\/revisions"}],"predecessor-version":[{"id":1243,"href":"https:\/\/jost-pflanzen.ch\/index.php?rest_route=\/wp\/v2\/pages\/25\/revisions\/1243"}],"wp:attachment":[{"href":"https:\/\/jost-pflanzen.ch\/index.php?rest_route=%2Fwp%2Fv2%2Fmedia&parent=25"}],"curies":[{"name":"wp","href":"https:\/\/api.w.org\/{rel}","templated":true}]}}